{"id":3072,"date":"2026-01-13T13:08:47","date_gmt":"2026-01-13T12:08:47","guid":{"rendered":"https:\/\/centerpocivalnikov.si\/?post_type=product&#038;p=3072"},"modified":"2026-03-17T12:13:15","modified_gmt":"2026-03-17T11:13:15","slug":"pocivalnik-princ-v-usnju-variacije-usnja","status":"publish","type":"product","link":"https:\/\/centerpocivalnikov.si\/de\/product\/pocivalnik-princ-v-usnju-variacije-usnja\/","title":{"rendered":"Prince\u00ae Chaiselongue aus Leder - Leder-Varianten"},"content":{"rendered":"<p>Prince verbindet die W\u00e4rme der Natur mit der Sanftheit moderner Materialien. Die perfekte Kombination f\u00fcr Innenr\u00e4ume, in denen Ruhe und Eleganz herrschen. Der drehbare Rahmen erm\u00f6glicht Bewegungsfreiheit und Flexibilit\u00e4t, so dass Prince sich perfekt an Ihre t\u00e4glichen Momente der Entspannung anpasst. Er bietet gen\u00fcgend Platz zum bequemen Sitzen und hat gleichzeitig einen zeitlosen und raffinierten Look, der sowohl in moderne als auch in klassische Innenr\u00e4ume passt.<\/p>\n<p>Technische Informationen:<\/p>\n<ul>\n<li>Material: <strong>Leder - jede Farbe<\/strong><\/li>\n<li>Die Farbe des Holzes: <strong>Buche furniert - Farbe nach Wahl<\/strong><\/li>\n<li>H\u00f6he der R\u00fcckenlehne: <strong>100 cm<\/strong><\/li>\n<li><strong>360\u00b0 drehbarer Sockel<\/strong><\/li>\n<\/ul>\n<p>Bitte beachten Sie: Der auf dem Bildschirm angezeigte Farbton kann aufgrund der Display-Einstellungen leicht von der tats\u00e4chlichen Farbe des Restes abweichen.<\/p>\n<p>Lieferzeit: 6-8 Wochen f\u00fcr auf Bestellung gefertigte Produkte.<\/p>\n<p><iframe loading=\"lazy\" title=\"Sloweniens bequemste Ruhest\u00e4tte - der Prinz\" width=\"422\" height=\"750\" src=\"https:\/\/www.youtube.com\/embed\/wHhZ_67hcwA?feature=oembed\" frameborder=\"0\" allow=\"accelerometer; autoplay; clipboard-write; encrypted-media; gyroscope; picture-in-picture; web-share\" referrerpolicy=\"strict-origin-when-cross-origin\" allowfullscreen><\/iframe><\/p>","protected":false},"excerpt":{"rendered":"<p><strong data-start=\"144\" data-end=\"153\">Prinz<\/strong> verbindet die W\u00e4rme nat\u00fcrlicher Elemente mit der Sanftheit moderner Materialien. Es schafft das perfekte Gleichgewicht f\u00fcr ein Interieur, das von Ruhe und raffinierter Eleganz gepr\u00e4gt ist.<br data-start=\"320\" data-end=\"323\" \/>Der schwenkbare Rahmen macht ihn leicht beweglich und flexibel, so dass er sich dem Rhythmus des Alltags und den Momenten der Entspannung leicht anpasst.<br data-start=\"458\" data-end=\"461\" \/>Seine Ger\u00e4umigkeit garantiert absoluten Komfort, w\u00e4hrend sein zeitloses Design sich harmonisch in moderne und klassische R\u00e4ume einf\u00fcgt.<\/p>","protected":false},"featured_media":3306,"comment_status":"open","ping_status":"closed","template":"","meta":{"_eb_attr":"","_crdt_document":"","_themeisle_gutenberg_block_has_review":false},"product_brand":[],"product_cat":[778399684,778399685],"product_tag":[],"class_list":{"0":"post-3072","1":"product","2":"type-product","3":"status-publish","4":"has-post-thumbnail","6":"product_cat-izdelano-v-sloveniji","7":"product_cat-samodejno-nagibni-pocivalniki","9":"first","10":"instock","11":"taxable","12":"shipping-taxable","13":"purchasable","14":"product-type-variable"},"jetpack_sharing_enabled":true,"jetpack-related-posts":[{"id":2877,"url":"https:\/\/centerpocivalnikov.si\/de\/product\/pocivalnik-princ-modro-siva-tkanina\/","url_meta":{"origin":3072,"position":0},"title":"Prince Lounge - blau-grauer Stoff","author":"lidopocivalniki","date":"Oktober 22, 2025","format":false,"excerpt":"Princ v sebi prepleta toplino naravnih elementov in mehkobo sodobnih materialov. Ustvarja popolno ravnovesje za interier, v katerem prevladujeta mir in prefinjena eleganca.Vrtljivo ogrodje mu daje lahkotnost gibanja in prilagodljivost, zato se zlahka prilagodi ritmu va\u0161ega vsakdana in trenutkom sprostitve.S svojo prostornostjo zagotavlja popolno udobje, njegov brez\u010dasen dizajn pa se\u2026","rel":"","context":"\u00c4hnlicher Beitrag","block_context":{"text":"\u00c4hnlicher Beitrag","link":""},"img":{"alt_text":"","src":"https:\/\/centerpocivalnikov.si\/wp-content\/uploads\/2025\/10\/Pocivalnik-Princ-siva-tkanina.jpg","width":350,"height":200,"srcset":"https:\/\/centerpocivalnikov.si\/wp-content\/uploads\/2025\/10\/Pocivalnik-Princ-siva-tkanina.jpg 1x, https:\/\/centerpocivalnikov.si\/wp-content\/uploads\/2025\/10\/Pocivalnik-Princ-siva-tkanina.jpg 1.5x, https:\/\/centerpocivalnikov.si\/wp-content\/uploads\/2025\/10\/Pocivalnik-Princ-siva-tkanina.jpg 2x"},"classes":[]},{"id":2872,"url":"https:\/\/centerpocivalnikov.si\/de\/product\/pocivalnik-princ-modra-mikrotkanina\/","url_meta":{"origin":3072,"position":1},"title":"Prince Lounge - blaue Mikrofaser","author":"lidopocivalniki","date":"Oktober 22, 2025","format":false,"excerpt":"Princ v sebi prepleta toplino naravnih elementov in mehkobo sodobnih materialov. Ustvarja popolno ravnovesje za interier, v katerem prevladujeta mir in prefinjena eleganca.Vrtljivo ogrodje mu daje lahkotnost gibanja in prilagodljivost, zato se zlahka prilagodi ritmu va\u0161ega vsakdana in trenutkom sprostitve.S svojo prostornostjo zagotavlja popolno udobje, njegov brez\u010dasen dizajn pa se\u2026","rel":"","context":"\u00c4hnlicher Beitrag","block_context":{"text":"\u00c4hnlicher Beitrag","link":""},"img":{"alt_text":"","src":"https:\/\/centerpocivalnikov.si\/wp-content\/uploads\/2025\/10\/Pocivalnik-princ-modra-mikrotkanina.jpg","width":350,"height":200,"srcset":"https:\/\/centerpocivalnikov.si\/wp-content\/uploads\/2025\/10\/Pocivalnik-princ-modra-mikrotkanina.jpg 1x, https:\/\/centerpocivalnikov.si\/wp-content\/uploads\/2025\/10\/Pocivalnik-princ-modra-mikrotkanina.jpg 1.5x, https:\/\/centerpocivalnikov.si\/wp-content\/uploads\/2025\/10\/Pocivalnik-princ-modra-mikrotkanina.jpg 2x"},"classes":[]},{"id":2434,"url":"https:\/\/centerpocivalnikov.si\/de\/product\/pocivalnik-princ-usnje-konjak\/","url_meta":{"origin":3072,"position":2},"title":"Sofa Prince - Leder cognac","author":"lidopocivalniki","date":"September 8, 2025","format":false,"excerpt":"Princ v sebi prepleta toplino naravnih elementov in mehkobo sodobnih materialov. Ustvarja popolno ravnovesje za interier, v katerem prevladujeta mir in prefinjena eleganca.Vrtljivo ogrodje mu daje lahkotnost gibanja in prilagodljivost, zato se zlahka prilagodi ritmu va\u0161ega vsakdana in trenutkom sprostitve.S svojo prostornostjo zagotavlja popolno udobje, njegov brez\u010dasen dizajn pa se\u2026","rel":"","context":"\u00c4hnlicher Beitrag","block_context":{"text":"\u00c4hnlicher Beitrag","link":""},"img":{"alt_text":"","src":"https:\/\/centerpocivalnikov.si\/wp-content\/uploads\/2025\/09\/Pocivalnik-cognac-usnje.jpg","width":350,"height":200,"srcset":"https:\/\/centerpocivalnikov.si\/wp-content\/uploads\/2025\/09\/Pocivalnik-cognac-usnje.jpg 1x, https:\/\/centerpocivalnikov.si\/wp-content\/uploads\/2025\/09\/Pocivalnik-cognac-usnje.jpg 1.5x, https:\/\/centerpocivalnikov.si\/wp-content\/uploads\/2025\/09\/Pocivalnik-cognac-usnje.jpg 2x"},"classes":[]},{"id":2882,"url":"https:\/\/centerpocivalnikov.si\/de\/product\/pocivalnik-princ-crtasta-eleganca\/","url_meta":{"origin":3072,"position":3},"title":"Prince Lounge - gestreifte Eleganz","author":"lidopocivalniki","date":"Oktober 22, 2025","format":false,"excerpt":"Princ v sebi prepleta toplino naravnih elementov in mehkobo sodobnih materialov. Ustvarja popolno ravnovesje za interier, v katerem prevladujeta mir in prefinjena eleganca.Vrtljivo ogrodje mu daje lahkotnost gibanja in prilagodljivost, zato se zlahka prilagodi ritmu va\u0161ega vsakdana in trenutkom sprostitve.S svojo prostornostjo zagotavlja popolno udobje, njegov brez\u010dasen dizajn pa se\u2026","rel":"","context":"\u00c4hnlicher Beitrag","block_context":{"text":"\u00c4hnlicher Beitrag","link":""},"img":{"alt_text":"","src":"https:\/\/centerpocivalnikov.si\/wp-content\/uploads\/2025\/10\/Untitled-7-x-7-cm-35.jpg","width":350,"height":200,"srcset":"https:\/\/centerpocivalnikov.si\/wp-content\/uploads\/2025\/10\/Untitled-7-x-7-cm-35.jpg 1x, https:\/\/centerpocivalnikov.si\/wp-content\/uploads\/2025\/10\/Untitled-7-x-7-cm-35.jpg 1.5x, https:\/\/centerpocivalnikov.si\/wp-content\/uploads\/2025\/10\/Untitled-7-x-7-cm-35.jpg 2x"},"classes":[]},{"id":2827,"url":"https:\/\/centerpocivalnikov.si\/de\/product\/pocivalnik-val\/","url_meta":{"origin":3072,"position":4},"title":"Relaxsessel Val","author":"lidopocivalniki","date":"Oktober 21, 2025","format":false,"excerpt":"Die Lounge verbindet die W\u00e4rme des Holzes mit dem Komfort des modernen Designs. Die beiden aufeinander abgestimmten Motoren erm\u00f6glichen es, die R\u00fcckenlehne und die Fu\u00dfst\u00fctze unabh\u00e4ngig voneinander zu neigen. Mit einem sanften Tastendruck passt sich die Liege Ihrem K\u00f6rper an und schafft so die perfekte Balance zwischen Unterst\u00fctzung und Entspannung.","rel":"","context":"\u00c4hnlicher Beitrag","block_context":{"text":"\u00c4hnlicher Beitrag","link":""},"img":{"alt_text":"","src":"https:\/\/centerpocivalnikov.si\/wp-content\/uploads\/2025\/10\/Pocivalnik-Val-3.jpg","width":350,"height":200,"srcset":"https:\/\/centerpocivalnikov.si\/wp-content\/uploads\/2025\/10\/Pocivalnik-Val-3.jpg 1x, https:\/\/centerpocivalnikov.si\/wp-content\/uploads\/2025\/10\/Pocivalnik-Val-3.jpg 1.5x, https:\/\/centerpocivalnikov.si\/wp-content\/uploads\/2025\/10\/Pocivalnik-Val-3.jpg 2x"},"classes":[]},{"id":2800,"url":"https:\/\/centerpocivalnikov.si\/de\/product\/pocivalnik-bor-crno-usnje\/","url_meta":{"origin":3072,"position":5},"title":"Relaxsessel Bor \u2013 schwarzes Leder","author":"lidopocivalniki","date":"Oktober 20, 2025","format":false,"excerpt":"Po\u010divalnik Bor zdru\u017euje prefinjeno estetiko in napredno udobje. Njegove \u010diste linije, visoko naslonjalo ter udobno oblikovano sedi\u0161\u010de ponujajo popolno podporo telesu \u2013 za trenutke sprostitve doma ali v poslovnem prostoru. Kombinacija stranskih lesenih oblog v naravnem furnirju ustvarja ob\u010dutek presti\u017ea in brez\u010dasne elegance. Kovinsko vrtljivo podno\u017eje zagotavlja stabilnost in lahkotno\u2026","rel":"","context":"\u00c4hnlicher Beitrag","block_context":{"text":"\u00c4hnlicher Beitrag","link":""},"img":{"alt_text":"","src":"https:\/\/centerpocivalnikov.si\/wp-content\/uploads\/2025\/10\/Untitled-7-x-7-cm-26.jpg","width":350,"height":200,"srcset":"https:\/\/centerpocivalnikov.si\/wp-content\/uploads\/2025\/10\/Untitled-7-x-7-cm-26.jpg 1x, https:\/\/centerpocivalnikov.si\/wp-content\/uploads\/2025\/10\/Untitled-7-x-7-cm-26.jpg 1.5x, https:\/\/centerpocivalnikov.si\/wp-content\/uploads\/2025\/10\/Untitled-7-x-7-cm-26.jpg 2x"},"classes":[]}],"_links":{"self":[{"href":"https:\/\/centerpocivalnikov.si\/de\/wp-json\/wp\/v2\/product\/3072","targetHints":{"allow":["GET"]}}],"collection":[{"href":"https:\/\/centerpocivalnikov.si\/de\/wp-json\/wp\/v2\/product"}],"about":[{"href":"https:\/\/centerpocivalnikov.si\/de\/wp-json\/wp\/v2\/types\/product"}],"replies":[{"embeddable":true,"href":"https:\/\/centerpocivalnikov.si\/de\/wp-json\/wp\/v2\/comments?post=3072"}],"wp:featuredmedia":[{"embeddable":true,"href":"https:\/\/centerpocivalnikov.si\/de\/wp-json\/wp\/v2\/media\/3306"}],"wp:attachment":[{"href":"https:\/\/centerpocivalnikov.si\/de\/wp-json\/wp\/v2\/media?parent=3072"}],"wp:term":[{"taxonomy":"product_brand","embeddable":true,"href":"https:\/\/centerpocivalnikov.si\/de\/wp-json\/wp\/v2\/product_brand?post=3072"},{"taxonomy":"product_cat","embeddable":true,"href":"https:\/\/centerpocivalnikov.si\/de\/wp-json\/wp\/v2\/product_cat?post=3072"},{"taxonomy":"product_tag","embeddable":true,"href":"https:\/\/centerpocivalnikov.si\/de\/wp-json\/wp\/v2\/product_tag?post=3072"}],"curies":[{"name":"wp","href":"https:\/\/api.w.org\/{rel}","templated":true}]}}