{"id":2829,"date":"2025-10-21T11:57:59","date_gmt":"2025-10-21T09:57:59","guid":{"rendered":"https:\/\/centerpocivalnikov.si\/?post_type=product&#038;p=2829"},"modified":"2026-02-19T10:52:13","modified_gmt":"2026-02-19T09:52:13","slug":"pocivalnik-vita-sivo-usnje","status":"publish","type":"product","link":"https:\/\/centerpocivalnikov.si\/de\/product\/pocivalnik-vita-sivo-usnje\/","title":{"rendered":"Vita Lounge - graues Leder"},"content":{"rendered":"<p class=\"wp-elements-a68ea646f5fa2b5e8eda41a663483c4f\">Modell Vita 6422 - B967 ASH<\/p>\r\n<h3 class=\"wp-block-heading\">Technische Daten<\/h3>\r\n<div id=\"elementor-tab-content-2311\" class=\"elementor-tab-content elementor-clearfix elementor-active\" role=\"region\" data-tab=\"1\" aria-labelledby=\"elementor-tab-title-2311\">\r\n<div id=\"elementor-tab-content-2311\" class=\"elementor-tab-content elementor-clearfix elementor-active\" role=\"region\" data-tab=\"1\" aria-labelledby=\"elementor-tab-title-2311\">\r\n<ul>\r\n<li><strong>Basis:\u00a0<\/strong>Metall\/Drehgelenk<\/li>\r\n<li><strong>Mechanismus:<\/strong>\r\n<ul>\r\n<li>Elektrischer Fu\u00dfheber<\/li>\r\n<li>Neigung des R\u00fcckens<\/li>\r\n<\/ul>\r\n<\/li>\r\n<li><strong>\u00dcberschrift:<\/strong>\u00a0Manuell einstellbar<\/li>\r\n<li><strong>Drehbarkeit:<\/strong>\u00a0Ja, innerhalb eines Radius von 300\u00b0<\/li>\r\n<li><strong>Anzahl der Motoren:<\/strong>\u00a02 Motoren<\/li>\r\n<li><strong>Stromversorgung:<\/strong>\u00a0Lithium-Ionen-Akku oder Stromanschluss<\/li>\r\n<\/ul>\r\n<\/div>\r\n<\/div>\r\n<p>Der Kippmechanismus erm\u00f6glicht\u00a0<strong>einfache Verstellung der R\u00fcckenlehne und der Fu\u00dfst\u00fctze.<\/strong>\u00a0Ganz gleich, ob Sie sich entspannen, Ihre Lieblingssendung ansehen oder ein Buch lesen m\u00f6chten, Sie k\u00f6nnen die Neigung leicht einstellen, um die bequemste Position zu erreichen.<\/p>\r\n<p>Der Controller ist elegant in den H\u00f6rer integriert. Die Basis ist in einem Radius von 300\u00b0 drehbar.<\/p>\r\n<p><strong>Lithium-Ionen-Akku bereits installiert<\/strong>\u00a0und erm\u00f6glicht es Ihnen, den Rest an einem beliebigen Ort im Raum zu platzieren, ohne sich Gedanken dar\u00fcber machen zu m\u00fcssen, ob die Steckdose nahe genug ist.<\/p>\r\n\r\n<p>&nbsp;<\/p>","protected":false},"excerpt":{"rendered":"<p><!-- wp:paragraph --><\/p>\n<p><!-- wp:paragraph --><\/p>\n<p>Der Relaxsessel <strong>Vita<\/strong> l\u00e4sst sich um  drehen. <strong>300\u00b0<\/strong>, und erm\u00f6glicht Ihnen jederzeit volle Bewegungsfreiheit und Flexibilit\u00e4t. Leicht, leise und raffiniert - Komfort, der sich perfekt an Ihre Bewegungen anpasst.<\/p>\n<p><!-- wp:paragraph --><\/p>\n<p>Zwei Motoren erm\u00f6glichen die unabh\u00e4ngige Verstellung des Bein- und R\u00fcckenteils, so dass Sie immer die ideale Position zum Entspannen finden k\u00f6nnen. Die raffinierten Linien und die weiche Ergonomie schaffen ein Gef\u00fchl von m\u00fchelosem Luxus.<\/p>\n<p>&nbsp;<\/p>\n<p><!-- \/wp:paragraph --><\/p>\n<p><!-- \/wp:paragraph --><\/p>","protected":false},"featured_media":2846,"comment_status":"open","ping_status":"closed","template":"","meta":{"_eb_attr":"","_crdt_document":"","_themeisle_gutenberg_block_has_review":false},"product_brand":[],"product_cat":[778399686],"product_tag":[],"class_list":{"0":"post-2829","1":"product","2":"type-product","3":"status-publish","4":"has-post-thumbnail","6":"product_cat-baterijski-elektricni-pocivalniki","8":"first","9":"instock","10":"taxable","11":"shipping-taxable","12":"purchasable","13":"product-type-simple"},"jetpack_sharing_enabled":true,"jetpack-related-posts":[{"id":2836,"url":"https:\/\/centerpocivalnikov.si\/de\/product\/pocivalnik-vita-rdece-bela-kombinacija-usnja\/","url_meta":{"origin":2829,"position":0},"title":"Vita Lounge - rote und wei\u00dfe Lederkombination","author":"lidopocivalniki","date":"Oktober 21, 2025","format":false,"excerpt":"Po\u010divalnik Vita se zavrti v radiju 300\u00b0, kar vam omogo\u010da popolno svobodo gibanja in prilagodljivost v vsakem trenutku. Lahkoten, tih in prefinjen \u2013 udobje, ki se popolnoma uskladi z va\u0161im gibom. Dva motorja omogo\u010data neodvisno nastavitev no\u017enega in hrbtnega dela, da vedno najdete idealen polo\u017eaj za sprostitev. Prefinjene linije in\u2026","rel":"","context":"\u00c4hnlicher Beitrag","block_context":{"text":"\u00c4hnlicher Beitrag","link":""},"img":{"alt_text":"","src":"https:\/\/centerpocivalnikov.si\/wp-content\/uploads\/2025\/10\/Pocivalnik-Vita-1.jpg","width":350,"height":200,"srcset":"https:\/\/centerpocivalnikov.si\/wp-content\/uploads\/2025\/10\/Pocivalnik-Vita-1.jpg 1x, https:\/\/centerpocivalnikov.si\/wp-content\/uploads\/2025\/10\/Pocivalnik-Vita-1.jpg 1.5x, https:\/\/centerpocivalnikov.si\/wp-content\/uploads\/2025\/10\/Pocivalnik-Vita-1.jpg 2x"},"classes":[]},{"id":2827,"url":"https:\/\/centerpocivalnikov.si\/de\/product\/pocivalnik-val\/","url_meta":{"origin":2829,"position":1},"title":"Relaxsessel Val","author":"lidopocivalniki","date":"Oktober 21, 2025","format":false,"excerpt":"Die Lounge verbindet die W\u00e4rme des Holzes mit dem Komfort des modernen Designs. Die beiden aufeinander abgestimmten Motoren erm\u00f6glichen es, die R\u00fcckenlehne und die Fu\u00dfst\u00fctze unabh\u00e4ngig voneinander zu neigen. Mit einem sanften Tastendruck passt sich die Liege Ihrem K\u00f6rper an und schafft so die perfekte Balance zwischen Unterst\u00fctzung und Entspannung.","rel":"","context":"\u00c4hnlicher Beitrag","block_context":{"text":"\u00c4hnlicher Beitrag","link":""},"img":{"alt_text":"","src":"https:\/\/centerpocivalnikov.si\/wp-content\/uploads\/2025\/10\/Pocivalnik-Val-3.jpg","width":350,"height":200,"srcset":"https:\/\/centerpocivalnikov.si\/wp-content\/uploads\/2025\/10\/Pocivalnik-Val-3.jpg 1x, https:\/\/centerpocivalnikov.si\/wp-content\/uploads\/2025\/10\/Pocivalnik-Val-3.jpg 1.5x, https:\/\/centerpocivalnikov.si\/wp-content\/uploads\/2025\/10\/Pocivalnik-Val-3.jpg 2x"},"classes":[]},{"id":2800,"url":"https:\/\/centerpocivalnikov.si\/de\/product\/pocivalnik-bor-crno-usnje\/","url_meta":{"origin":2829,"position":2},"title":"Relaxsessel Bor \u2013 schwarzes Leder","author":"lidopocivalniki","date":"Oktober 20, 2025","format":false,"excerpt":"Po\u010divalnik Bor zdru\u017euje prefinjeno estetiko in napredno udobje. Njegove \u010diste linije, visoko naslonjalo ter udobno oblikovano sedi\u0161\u010de ponujajo popolno podporo telesu \u2013 za trenutke sprostitve doma ali v poslovnem prostoru. Kombinacija stranskih lesenih oblog v naravnem furnirju ustvarja ob\u010dutek presti\u017ea in brez\u010dasne elegance. Kovinsko vrtljivo podno\u017eje zagotavlja stabilnost in lahkotno\u2026","rel":"","context":"\u00c4hnlicher Beitrag","block_context":{"text":"\u00c4hnlicher Beitrag","link":""},"img":{"alt_text":"","src":"https:\/\/centerpocivalnikov.si\/wp-content\/uploads\/2025\/10\/Untitled-7-x-7-cm-26.jpg","width":350,"height":200,"srcset":"https:\/\/centerpocivalnikov.si\/wp-content\/uploads\/2025\/10\/Untitled-7-x-7-cm-26.jpg 1x, https:\/\/centerpocivalnikov.si\/wp-content\/uploads\/2025\/10\/Untitled-7-x-7-cm-26.jpg 1.5x, https:\/\/centerpocivalnikov.si\/wp-content\/uploads\/2025\/10\/Untitled-7-x-7-cm-26.jpg 2x"},"classes":[]},{"id":2806,"url":"https:\/\/centerpocivalnikov.si\/de\/product\/pocivalnik-bor-bes-usnje\/","url_meta":{"origin":2829,"position":3},"title":"Relaxsessel Bor \u2013 beiges Leder","author":"lidopocivalniki","date":"Oktober 20, 2025","format":false,"excerpt":"Po\u010divalnik Bor zdru\u017euje prefinjeno estetiko in napredno udobje. Njegove \u010diste linije, visoko naslonjalo ter udobno oblikovano sedi\u0161\u010de ponujajo popolno podporo telesu \u2013 za trenutke sprostitve doma ali v poslovnem prostoru. Kombinacija stranskih lesenih oblog v naravnem furnirju ustvarja ob\u010dutek presti\u017ea in brez\u010dasne elegance. Kovinsko vrtljivo podno\u017eje zagotavlja stabilnost in lahkotno\u2026","rel":"","context":"\u00c4hnlicher Beitrag","block_context":{"text":"\u00c4hnlicher Beitrag","link":""},"img":{"alt_text":"","src":"https:\/\/centerpocivalnikov.si\/wp-content\/uploads\/2025\/10\/Pocivalnik-Bor-silver.jpg","width":350,"height":200,"srcset":"https:\/\/centerpocivalnikov.si\/wp-content\/uploads\/2025\/10\/Pocivalnik-Bor-silver.jpg 1x, https:\/\/centerpocivalnikov.si\/wp-content\/uploads\/2025\/10\/Pocivalnik-Bor-silver.jpg 1.5x, https:\/\/centerpocivalnikov.si\/wp-content\/uploads\/2025\/10\/Pocivalnik-Bor-silver.jpg 2x"},"classes":[]},{"id":2810,"url":"https:\/\/centerpocivalnikov.si\/de\/product\/pocivalnik-bor-sivo-usnje\/","url_meta":{"origin":2829,"position":4},"title":"Relaxsessel Bor \u2013 graues Leder","author":"lidopocivalniki","date":"Oktober 20, 2025","format":false,"excerpt":"Po\u010divalnik Bor zdru\u017euje prefinjeno estetiko in napredno udobje. Njegove \u010diste linije, visoko naslonjalo ter udobno oblikovano sedi\u0161\u010de ponujajo popolno podporo telesu \u2013 za trenutke sprostitve doma ali v poslovnem prostoru. Kombinacija stranskih lesenih oblog v naravnem furnirju ustvarja ob\u010dutek presti\u017ea in brez\u010dasne elegance. Kovinsko vrtljivo podno\u017eje zagotavlja stabilnost in lahkotno\u2026","rel":"","context":"\u00c4hnlicher Beitrag","block_context":{"text":"\u00c4hnlicher Beitrag","link":""},"img":{"alt_text":"","src":"https:\/\/centerpocivalnikov.si\/wp-content\/uploads\/2025\/10\/Pocivalnik-Bor-.jpg","width":350,"height":200,"srcset":"https:\/\/centerpocivalnikov.si\/wp-content\/uploads\/2025\/10\/Pocivalnik-Bor-.jpg 1x, https:\/\/centerpocivalnikov.si\/wp-content\/uploads\/2025\/10\/Pocivalnik-Bor-.jpg 1.5x, https:\/\/centerpocivalnikov.si\/wp-content\/uploads\/2025\/10\/Pocivalnik-Bor-.jpg 2x"},"classes":[]},{"id":2816,"url":"https:\/\/centerpocivalnikov.si\/de\/product\/pocivalnik-bonita-bordo-usnje\/","url_meta":{"origin":2829,"position":5},"title":"Relaxsessel Bonita \u2013 bordeauxfarbenes Leder","author":"lidopocivalniki","date":"Oktober 20, 2025","format":false,"excerpt":"\u00a0 Po\u010divalnik Bonita s svojimi elegantnimi rokonasloni v prostor vnese ob\u010dutek lahkotnosti in zra\u010dnosti. Udobje ostaja popolno \u2013 z nastavljivim nagibom hrbti\u0161\u010da, dvigom no\u017enega dela in mo\u017enostjo sr\u010dne lege za popolno sprostitev. Po\u010divalnik s pomo\u010djo treh motorjev ne\u017eno preide v polle\u017ee\u010d polo\u017eaj.Dvig no\u017enega dela razbremeni noge in spodbuja spro\u0161\u010dujo\u010d ob\u010dutek\u2026","rel":"","context":"\u00c4hnlicher Beitrag","block_context":{"text":"\u00c4hnlicher Beitrag","link":""},"img":{"alt_text":"","src":"https:\/\/centerpocivalnikov.si\/wp-content\/uploads\/2025\/10\/36.jpg","width":350,"height":200,"srcset":"https:\/\/centerpocivalnikov.si\/wp-content\/uploads\/2025\/10\/36.jpg 1x, https:\/\/centerpocivalnikov.si\/wp-content\/uploads\/2025\/10\/36.jpg 1.5x, https:\/\/centerpocivalnikov.si\/wp-content\/uploads\/2025\/10\/36.jpg 2x"},"classes":[]}],"_links":{"self":[{"href":"https:\/\/centerpocivalnikov.si\/de\/wp-json\/wp\/v2\/product\/2829","targetHints":{"allow":["GET"]}}],"collection":[{"href":"https:\/\/centerpocivalnikov.si\/de\/wp-json\/wp\/v2\/product"}],"about":[{"href":"https:\/\/centerpocivalnikov.si\/de\/wp-json\/wp\/v2\/types\/product"}],"replies":[{"embeddable":true,"href":"https:\/\/centerpocivalnikov.si\/de\/wp-json\/wp\/v2\/comments?post=2829"}],"wp:featuredmedia":[{"embeddable":true,"href":"https:\/\/centerpocivalnikov.si\/de\/wp-json\/wp\/v2\/media\/2846"}],"wp:attachment":[{"href":"https:\/\/centerpocivalnikov.si\/de\/wp-json\/wp\/v2\/media?parent=2829"}],"wp:term":[{"taxonomy":"product_brand","embeddable":true,"href":"https:\/\/centerpocivalnikov.si\/de\/wp-json\/wp\/v2\/product_brand?post=2829"},{"taxonomy":"product_cat","embeddable":true,"href":"https:\/\/centerpocivalnikov.si\/de\/wp-json\/wp\/v2\/product_cat?post=2829"},{"taxonomy":"product_tag","embeddable":true,"href":"https:\/\/centerpocivalnikov.si\/de\/wp-json\/wp\/v2\/product_tag?post=2829"}],"curies":[{"name":"wp","href":"https:\/\/api.w.org\/{rel}","templated":true}]}}