{"id":2816,"date":"2025-10-20T15:38:16","date_gmt":"2025-10-20T13:38:16","guid":{"rendered":"https:\/\/centerpocivalnikov.si\/?post_type=product&#038;p=2816"},"modified":"2026-02-19T10:52:28","modified_gmt":"2026-02-19T09:52:28","slug":"pocivalnik-bonita-bordo-usnje","status":"publish","type":"product","link":"https:\/\/centerpocivalnikov.si\/de\/product\/pocivalnik-bonita-bordo-usnje\/","title":{"rendered":"Relaxsessel Bonita \u2013 bordeauxfarbenes Leder"},"content":{"rendered":"<p class=\"wp-elements-5983f003681ae8f5066c86f7cc9cc0ac\">Modell Bonita B938 bordeaux<\/p>\r\n<h3 class=\"wp-block-heading\">Technische Daten<\/h3>\r\n<div id=\"elementor-tab-content-2311\" class=\"elementor-tab-content elementor-clearfix elementor-active\" role=\"region\" data-tab=\"1\" aria-labelledby=\"elementor-tab-title-2311\">\r\n<div id=\"elementor-tab-content-2311\" class=\"elementor-tab-content elementor-clearfix elementor-active\" role=\"region\" data-tab=\"1\" aria-labelledby=\"elementor-tab-title-2311\">\r\n<ul>\r\n<li><strong>Basis:\u00a0<\/strong>Metall\/Drehgelenk<\/li>\r\n<li><strong>Mechanismus:<\/strong>\r\n<ul>\r\n<li>Elektrischer Fu\u00dfheber<\/li>\r\n<li>Neigung des R\u00fcckens<\/li>\r\n<li>Herz-Gleichgewichts-Position<\/li>\r\n<\/ul>\r\n<\/li>\r\n<li><strong>\u00dcberschrift:<\/strong>\u00a0Manuell einstellbar<\/li>\r\n<li><strong>Drehbarkeit:<\/strong>\u00a0Ja, innerhalb eines Radius von 300\u00b0<\/li>\r\n<li><strong>Anzahl der Motoren:<\/strong>\u00a03 Motoren<\/li>\r\n<li><strong>Stromversorgung:<\/strong>\u00a0Lithium-Ionen-Akku oder Stromanschluss<\/li>\r\n<\/ul>\r\n<\/div>\r\n<\/div>\r\n<h4>Die batteriebetriebene Bonita-Lounge ist ein innovatives und komfortables M\u00f6belst\u00fcck, das den sorglosen, kabellosen Komfort eines Sofas mit ultimativem Liegekomfort verbindet.<\/h4>\r\n<p>Mit seinem fortschrittlichen elektrischen Mechanismus erm\u00f6glicht er\u00a0<strong>einfache Einstellung von Sitzwinkel, Kopfst\u00fctze, R\u00fcckenlehne und Fu\u00dfst\u00fctze.<\/strong>\u00a0So k\u00f6nnen Sie sich schnell und einfach vollst\u00e4ndig entspannen, ohne die Muskeln unn\u00f6tig zu belasten. So k\u00f6nnen Sie aus einer Vielzahl von Positionen w\u00e4hlen, die Ihren Vorlieben und Bed\u00fcrfnissen entsprechen.<\/p>\r\n<p>Diese Lounge bietet<strong>\u00a0auch mit eingebauter Herz-Waage-Position<\/strong>. Dies ist die ideale Position, wenn sich die F\u00fc\u00dfe auf gleicher H\u00f6he oder etwas h\u00f6her als das Herz befinden. Dies erm\u00f6glicht eine optimale Durchblutung und verringert den Druck auf das Herz, was zu einer besseren Durchblutung und weniger Stress f\u00fcr den K\u00f6rper f\u00fchrt.<\/p>\r\n<p><strong>Lithium-Ionen-Akku bereits installiert<\/strong>\u00a0und erm\u00f6glicht es Ihnen, den Rest zu platzieren, wo immer Sie wollen, ohne dar\u00fcber nachdenken zu m\u00fcssen, ob die Steckdose nahe genug ist...<\/p>\r\n\r\n<p>&nbsp;<\/p>","protected":false},"excerpt":{"rendered":"<p><!-- wp:paragraph --><\/p>\n<p><!-- wp:paragraph --><\/p>\n<p>&nbsp;<\/p>\n<p><!-- wp:paragraph --><\/p>\n<p>Der Relaxsessel <strong>Bonita<\/strong> bringt mit seinen eleganten Armlehnen ein Gef\u00fchl von Leichtigkeit und Luftigkeit in den Raum. Der Komfort bleibt perfekt - mit einstellbarer R\u00fcckenneigung, Beinanhebung und der M\u00f6glichkeit der <strong>Herzpositionen<\/strong> f\u00fcr totale Entspannung.<\/p>\n<p><!-- \/wp:paragraph --><\/p>\n<p><!-- wp:paragraph --><\/p>\n<p>Die Lehne geht mit Hilfe von drei Motoren sanft in eine halb liegende Position \u00fcber.<br \/>Das Anheben des Beinteils entlastet die Beine und sorgt f\u00fcr ein entspannendes Gef\u00fchl von Leichtigkeit, w\u00e4hrend der R\u00fccken bequem nach hinten geneigt wird.<br \/>In der Herzposition, bei der die F\u00fc\u00dfe h\u00f6her als das Herz sind, wird die Blutzirkulation verbessert und es entsteht ein Gef\u00fchl der v\u00f6lligen Ruhe.<\/p>\n<p><!-- \/wp:paragraph --><\/p>\n<p><!-- \/wp:paragraph --><\/p>","protected":false},"featured_media":2845,"comment_status":"open","ping_status":"closed","template":"","meta":{"_eb_attr":"","_crdt_document":"","_themeisle_gutenberg_block_has_review":false},"product_brand":[],"product_cat":[778399686],"product_tag":[],"class_list":{"0":"post-2816","1":"product","2":"type-product","3":"status-publish","4":"has-post-thumbnail","6":"product_cat-baterijski-elektricni-pocivalniki","8":"first","9":"instock","10":"taxable","11":"shipping-taxable","12":"purchasable","13":"product-type-simple"},"jetpack_sharing_enabled":true,"jetpack-related-posts":[{"id":2790,"url":"https:\/\/centerpocivalnikov.si\/de\/product\/pocivalnik-leon-temno-rjavo-usnje\/","url_meta":{"origin":2816,"position":0},"title":"Relaxsessel Leon \u2013 dunkelbraunes Leder","author":"lidopocivalniki","date":"Oktober 20, 2025","format":false,"excerpt":"Po\u010divalnik Leon s tremi usklajenimi motorji ne\u017eno preide v udoben polle\u017ee\u010d polo\u017eaj. Ko se dvigne no\u017eni del, se noge razbremenijo in telo objame ob\u010dutek spro\u0161\u010dene lahkotnosti, medtem ko se naslon hrbti\u0161\u010da mehko nagne nazaj. V t. i. sr\u010dni legi, ko so noge nekoliko vi\u0161je od srca, se izbolj\u0161a prekrvavitev in\u2026","rel":"","context":"\u00c4hnlicher Beitrag","block_context":{"text":"\u00c4hnlicher Beitrag","link":""},"img":{"alt_text":"","src":"https:\/\/centerpocivalnikov.si\/wp-content\/uploads\/2025\/10\/27.jpg","width":350,"height":200,"srcset":"https:\/\/centerpocivalnikov.si\/wp-content\/uploads\/2025\/10\/27.jpg 1x, https:\/\/centerpocivalnikov.si\/wp-content\/uploads\/2025\/10\/27.jpg 1.5x, https:\/\/centerpocivalnikov.si\/wp-content\/uploads\/2025\/10\/27.jpg 2x"},"classes":[]},{"id":2545,"url":"https:\/\/centerpocivalnikov.si\/de\/product\/pocivalnik-luxor-crno-usnje\/","url_meta":{"origin":2816,"position":1},"title":"Luxor Lounge - schwarzes Leder","author":"lidopocivalniki","date":"September 24, 2025","format":false,"excerpt":"S pomo\u010djo treh motorjev se Luxor ne\u017eno premakne v polle\u017ee\u010d polo\u017eaj, kjer se telo naravno sprosti. Prilagodljiv nagib hrbti\u0161\u010da podpira hrbtenico in olaj\u0161a napetost v ramenih ter vratu. Dvig no\u017enega dela omogo\u010da ob\u010dutek brezte\u017enosti, spodbuja sprostitev in laj\u0161a utrujenost nog. V sr\u010dni legi, ko so noge dvignjene nad nivo srca,\u2026","rel":"","context":"\u00c4hnlicher Beitrag","block_context":{"text":"\u00c4hnlicher Beitrag","link":""},"img":{"alt_text":"","src":"https:\/\/centerpocivalnikov.si\/wp-content\/uploads\/2025\/09\/Untitled-7-x-7-cm-24.jpg","width":350,"height":200,"srcset":"https:\/\/centerpocivalnikov.si\/wp-content\/uploads\/2025\/09\/Untitled-7-x-7-cm-24.jpg 1x, https:\/\/centerpocivalnikov.si\/wp-content\/uploads\/2025\/09\/Untitled-7-x-7-cm-24.jpg 1.5x, https:\/\/centerpocivalnikov.si\/wp-content\/uploads\/2025\/09\/Untitled-7-x-7-cm-24.jpg 2x"},"classes":[]},{"id":2787,"url":"https:\/\/centerpocivalnikov.si\/de\/product\/pocivalnik-luxor-bordo-usnje\/","url_meta":{"origin":2816,"position":2},"title":"Luxor Lounge - burgunderfarbenes Leder","author":"lidopocivalniki","date":"Oktober 20, 2025","format":false,"excerpt":"S pomo\u010djo treh motorjev se Luxor ne\u017eno premakne v polle\u017ee\u010d polo\u017eaj, kjer se telo naravno sprosti. Prilagodljiv nagib hrbti\u0161\u010da podpira hrbtenico in olaj\u0161a napetost v ramenih ter vratu. Dvig no\u017enega dela omogo\u010da ob\u010dutek brezte\u017enosti, spodbuja sprostitev in laj\u0161a utrujenost nog. V sr\u010dni legi, ko so noge dvignjene nad nivo srca,\u2026","rel":"","context":"\u00c4hnlicher Beitrag","block_context":{"text":"\u00c4hnlicher Beitrag","link":""},"img":{"alt_text":"","src":"https:\/\/centerpocivalnikov.si\/wp-content\/uploads\/2025\/10\/29.jpg","width":350,"height":200,"srcset":"https:\/\/centerpocivalnikov.si\/wp-content\/uploads\/2025\/10\/29.jpg 1x, https:\/\/centerpocivalnikov.si\/wp-content\/uploads\/2025\/10\/29.jpg 1.5x, https:\/\/centerpocivalnikov.si\/wp-content\/uploads\/2025\/10\/29.jpg 2x"},"classes":[]},{"id":2800,"url":"https:\/\/centerpocivalnikov.si\/de\/product\/pocivalnik-bor-crno-usnje\/","url_meta":{"origin":2816,"position":3},"title":"Relaxsessel Bor \u2013 schwarzes Leder","author":"lidopocivalniki","date":"Oktober 20, 2025","format":false,"excerpt":"Po\u010divalnik Bor zdru\u017euje prefinjeno estetiko in napredno udobje. Njegove \u010diste linije, visoko naslonjalo ter udobno oblikovano sedi\u0161\u010de ponujajo popolno podporo telesu \u2013 za trenutke sprostitve doma ali v poslovnem prostoru. Kombinacija stranskih lesenih oblog v naravnem furnirju ustvarja ob\u010dutek presti\u017ea in brez\u010dasne elegance. Kovinsko vrtljivo podno\u017eje zagotavlja stabilnost in lahkotno\u2026","rel":"","context":"\u00c4hnlicher Beitrag","block_context":{"text":"\u00c4hnlicher Beitrag","link":""},"img":{"alt_text":"","src":"https:\/\/centerpocivalnikov.si\/wp-content\/uploads\/2025\/10\/Untitled-7-x-7-cm-26.jpg","width":350,"height":200,"srcset":"https:\/\/centerpocivalnikov.si\/wp-content\/uploads\/2025\/10\/Untitled-7-x-7-cm-26.jpg 1x, https:\/\/centerpocivalnikov.si\/wp-content\/uploads\/2025\/10\/Untitled-7-x-7-cm-26.jpg 1.5x, https:\/\/centerpocivalnikov.si\/wp-content\/uploads\/2025\/10\/Untitled-7-x-7-cm-26.jpg 2x"},"classes":[]},{"id":2806,"url":"https:\/\/centerpocivalnikov.si\/de\/product\/pocivalnik-bor-bes-usnje\/","url_meta":{"origin":2816,"position":4},"title":"Relaxsessel Bor \u2013 beiges Leder","author":"lidopocivalniki","date":"Oktober 20, 2025","format":false,"excerpt":"Po\u010divalnik Bor zdru\u017euje prefinjeno estetiko in napredno udobje. Njegove \u010diste linije, visoko naslonjalo ter udobno oblikovano sedi\u0161\u010de ponujajo popolno podporo telesu \u2013 za trenutke sprostitve doma ali v poslovnem prostoru. Kombinacija stranskih lesenih oblog v naravnem furnirju ustvarja ob\u010dutek presti\u017ea in brez\u010dasne elegance. Kovinsko vrtljivo podno\u017eje zagotavlja stabilnost in lahkotno\u2026","rel":"","context":"\u00c4hnlicher Beitrag","block_context":{"text":"\u00c4hnlicher Beitrag","link":""},"img":{"alt_text":"","src":"https:\/\/centerpocivalnikov.si\/wp-content\/uploads\/2025\/10\/Pocivalnik-Bor-silver.jpg","width":350,"height":200,"srcset":"https:\/\/centerpocivalnikov.si\/wp-content\/uploads\/2025\/10\/Pocivalnik-Bor-silver.jpg 1x, https:\/\/centerpocivalnikov.si\/wp-content\/uploads\/2025\/10\/Pocivalnik-Bor-silver.jpg 1.5x, https:\/\/centerpocivalnikov.si\/wp-content\/uploads\/2025\/10\/Pocivalnik-Bor-silver.jpg 2x"},"classes":[]},{"id":2810,"url":"https:\/\/centerpocivalnikov.si\/de\/product\/pocivalnik-bor-sivo-usnje\/","url_meta":{"origin":2816,"position":5},"title":"Relaxsessel Bor \u2013 graues Leder","author":"lidopocivalniki","date":"Oktober 20, 2025","format":false,"excerpt":"Po\u010divalnik Bor zdru\u017euje prefinjeno estetiko in napredno udobje. Njegove \u010diste linije, visoko naslonjalo ter udobno oblikovano sedi\u0161\u010de ponujajo popolno podporo telesu \u2013 za trenutke sprostitve doma ali v poslovnem prostoru. Kombinacija stranskih lesenih oblog v naravnem furnirju ustvarja ob\u010dutek presti\u017ea in brez\u010dasne elegance. Kovinsko vrtljivo podno\u017eje zagotavlja stabilnost in lahkotno\u2026","rel":"","context":"\u00c4hnlicher Beitrag","block_context":{"text":"\u00c4hnlicher Beitrag","link":""},"img":{"alt_text":"","src":"https:\/\/centerpocivalnikov.si\/wp-content\/uploads\/2025\/10\/Pocivalnik-Bor-.jpg","width":350,"height":200,"srcset":"https:\/\/centerpocivalnikov.si\/wp-content\/uploads\/2025\/10\/Pocivalnik-Bor-.jpg 1x, https:\/\/centerpocivalnikov.si\/wp-content\/uploads\/2025\/10\/Pocivalnik-Bor-.jpg 1.5x, https:\/\/centerpocivalnikov.si\/wp-content\/uploads\/2025\/10\/Pocivalnik-Bor-.jpg 2x"},"classes":[]}],"_links":{"self":[{"href":"https:\/\/centerpocivalnikov.si\/de\/wp-json\/wp\/v2\/product\/2816","targetHints":{"allow":["GET"]}}],"collection":[{"href":"https:\/\/centerpocivalnikov.si\/de\/wp-json\/wp\/v2\/product"}],"about":[{"href":"https:\/\/centerpocivalnikov.si\/de\/wp-json\/wp\/v2\/types\/product"}],"replies":[{"embeddable":true,"href":"https:\/\/centerpocivalnikov.si\/de\/wp-json\/wp\/v2\/comments?post=2816"}],"wp:featuredmedia":[{"embeddable":true,"href":"https:\/\/centerpocivalnikov.si\/de\/wp-json\/wp\/v2\/media\/2845"}],"wp:attachment":[{"href":"https:\/\/centerpocivalnikov.si\/de\/wp-json\/wp\/v2\/media?parent=2816"}],"wp:term":[{"taxonomy":"product_brand","embeddable":true,"href":"https:\/\/centerpocivalnikov.si\/de\/wp-json\/wp\/v2\/product_brand?post=2816"},{"taxonomy":"product_cat","embeddable":true,"href":"https:\/\/centerpocivalnikov.si\/de\/wp-json\/wp\/v2\/product_cat?post=2816"},{"taxonomy":"product_tag","embeddable":true,"href":"https:\/\/centerpocivalnikov.si\/de\/wp-json\/wp\/v2\/product_tag?post=2816"}],"curies":[{"name":"wp","href":"https:\/\/api.w.org\/{rel}","templated":true}]}}