{"id":2434,"date":"2025-09-08T12:35:56","date_gmt":"2025-09-08T10:35:56","guid":{"rendered":"https:\/\/centerpocivalnikov.si\/?post_type=product&#038;p=2434"},"modified":"2026-04-14T18:29:22","modified_gmt":"2026-04-14T16:29:22","slug":"pocivalnik-princ-usnje-konjak","status":"publish","type":"product","link":"https:\/\/centerpocivalnikov.si\/de\/product\/pocivalnik-princ-usnje-konjak\/","title":{"rendered":"Sofa Prince - Leder cognac"},"content":{"rendered":"<p>Prince verbindet die W\u00e4rme der Natur mit der Sanftheit moderner Materialien. Die perfekte Kombination f\u00fcr Innenr\u00e4ume, in denen Ruhe und Eleganz herrschen. Der drehbare Rahmen erm\u00f6glicht Bewegungsfreiheit und Flexibilit\u00e4t, so dass Prince sich perfekt an Ihre t\u00e4glichen Momente der Entspannung anpasst. Er bietet gen\u00fcgend Platz zum bequemen Sitzen und hat gleichzeitig einen zeitlosen und raffinierten Look, der sowohl in moderne als auch in klassische Innenr\u00e4ume passt.<\/p>\n<p>Technische Informationen:<\/p>\n<ul>\n<li>Material: <strong>weiches fasciato-Leder 2682 cognac<\/strong><\/li>\n<li>Die Farbe des Holzes: <strong>Wenge<\/strong><\/li>\n<li>H\u00f6he der R\u00fcckenlehne: <strong>100 cm<\/strong><\/li>\n<li><strong><strong><strong>360\u00b0 drehbarer Sockel<\/strong><\/strong><\/strong><\/li>\n<\/ul>","protected":false},"excerpt":{"rendered":"<p><strong data-start=\"144\" data-end=\"153\">Prinz<\/strong> verbindet die W\u00e4rme nat\u00fcrlicher Elemente mit der Sanftheit moderner Materialien. Es schafft das perfekte Gleichgewicht f\u00fcr ein Interieur, das von Ruhe und raffinierter Eleganz gepr\u00e4gt ist.<br data-start=\"320\" data-end=\"323\" \/>Der schwenkbare Rahmen macht ihn leicht beweglich und flexibel, so dass er sich dem Rhythmus des Alltags und den Momenten der Entspannung leicht anpasst.<br data-start=\"458\" data-end=\"461\" \/>Seine Ger\u00e4umigkeit garantiert absoluten Komfort, w\u00e4hrend sein zeitloses Design sich harmonisch in moderne und klassische R\u00e4ume einf\u00fcgt.<\/p>","protected":false},"featured_media":2865,"comment_status":"open","ping_status":"closed","template":"","meta":{"_eb_attr":"","_crdt_document":"","_themeisle_gutenberg_block_has_review":false},"product_brand":[],"product_cat":[778399684,778399685],"product_tag":[],"class_list":{"0":"post-2434","1":"product","2":"type-product","3":"status-publish","4":"has-post-thumbnail","6":"product_cat-izdelano-v-sloveniji","7":"product_cat-samodejno-nagibni-pocivalniki","9":"first","10":"instock","11":"taxable","12":"shipping-taxable","13":"purchasable","14":"product-type-simple"},"jetpack_sharing_enabled":true,"jetpack-related-posts":[{"id":2872,"url":"https:\/\/centerpocivalnikov.si\/de\/product\/pocivalnik-princ-modra-mikrotkanina\/","url_meta":{"origin":2434,"position":0},"title":"Prince Lounge - blaue Mikrofaser","author":"lidopocivalniki","date":"Oktober 22, 2025","format":false,"excerpt":"Princ v sebi prepleta toplino naravnih elementov in mehkobo sodobnih materialov. Ustvarja popolno ravnovesje za interier, v katerem prevladujeta mir in prefinjena eleganca.Vrtljivo ogrodje mu daje lahkotnost gibanja in prilagodljivost, zato se zlahka prilagodi ritmu va\u0161ega vsakdana in trenutkom sprostitve.S svojo prostornostjo zagotavlja popolno udobje, njegov brez\u010dasen dizajn pa se\u2026","rel":"","context":"\u00c4hnlicher Beitrag","block_context":{"text":"\u00c4hnlicher Beitrag","link":""},"img":{"alt_text":"","src":"https:\/\/centerpocivalnikov.si\/wp-content\/uploads\/2025\/10\/Pocivalnik-princ-modra-mikrotkanina.jpg","width":350,"height":200,"srcset":"https:\/\/centerpocivalnikov.si\/wp-content\/uploads\/2025\/10\/Pocivalnik-princ-modra-mikrotkanina.jpg 1x, https:\/\/centerpocivalnikov.si\/wp-content\/uploads\/2025\/10\/Pocivalnik-princ-modra-mikrotkanina.jpg 1.5x, https:\/\/centerpocivalnikov.si\/wp-content\/uploads\/2025\/10\/Pocivalnik-princ-modra-mikrotkanina.jpg 2x"},"classes":[]},{"id":3072,"url":"https:\/\/centerpocivalnikov.si\/de\/product\/pocivalnik-princ-v-usnju-variacije-usnja\/","url_meta":{"origin":2434,"position":1},"title":"Prince\u00ae Chaiselongue aus Leder - Leder-Varianten","author":"lidopocivalniki","date":"Januar 13, 2026","format":false,"excerpt":"Princ v sebi prepleta toplino naravnih elementov in mehkobo sodobnih materialov. Ustvarja popolno ravnovesje za interier, v katerem prevladujeta mir in prefinjena eleganca.Vrtljivo ogrodje mu daje lahkotnost gibanja in prilagodljivost, zato se zlahka prilagodi ritmu va\u0161ega vsakdana in trenutkom sprostitve.S svojo prostornostjo zagotavlja popolno udobje, njegov brez\u010dasen dizajn pa se\u2026","rel":"","context":"\u00c4hnlicher Beitrag","block_context":{"text":"\u00c4hnlicher Beitrag","link":""},"img":{"alt_text":"","src":"https:\/\/centerpocivalnikov.si\/wp-content\/uploads\/2026\/01\/Les-Bukev-rustikal-204-7-x-7-cm-12.jpg","width":350,"height":200,"srcset":"https:\/\/centerpocivalnikov.si\/wp-content\/uploads\/2026\/01\/Les-Bukev-rustikal-204-7-x-7-cm-12.jpg 1x, https:\/\/centerpocivalnikov.si\/wp-content\/uploads\/2026\/01\/Les-Bukev-rustikal-204-7-x-7-cm-12.jpg 1.5x, https:\/\/centerpocivalnikov.si\/wp-content\/uploads\/2026\/01\/Les-Bukev-rustikal-204-7-x-7-cm-12.jpg 2x"},"classes":[]},{"id":2877,"url":"https:\/\/centerpocivalnikov.si\/de\/product\/pocivalnik-princ-modro-siva-tkanina\/","url_meta":{"origin":2434,"position":2},"title":"Prince Lounge - blau-grauer Stoff","author":"lidopocivalniki","date":"Oktober 22, 2025","format":false,"excerpt":"Princ v sebi prepleta toplino naravnih elementov in mehkobo sodobnih materialov. Ustvarja popolno ravnovesje za interier, v katerem prevladujeta mir in prefinjena eleganca.Vrtljivo ogrodje mu daje lahkotnost gibanja in prilagodljivost, zato se zlahka prilagodi ritmu va\u0161ega vsakdana in trenutkom sprostitve.S svojo prostornostjo zagotavlja popolno udobje, njegov brez\u010dasen dizajn pa se\u2026","rel":"","context":"\u00c4hnlicher Beitrag","block_context":{"text":"\u00c4hnlicher Beitrag","link":""},"img":{"alt_text":"","src":"https:\/\/centerpocivalnikov.si\/wp-content\/uploads\/2025\/10\/Pocivalnik-Princ-siva-tkanina.jpg","width":350,"height":200,"srcset":"https:\/\/centerpocivalnikov.si\/wp-content\/uploads\/2025\/10\/Pocivalnik-Princ-siva-tkanina.jpg 1x, https:\/\/centerpocivalnikov.si\/wp-content\/uploads\/2025\/10\/Pocivalnik-Princ-siva-tkanina.jpg 1.5x, https:\/\/centerpocivalnikov.si\/wp-content\/uploads\/2025\/10\/Pocivalnik-Princ-siva-tkanina.jpg 2x"},"classes":[]},{"id":2882,"url":"https:\/\/centerpocivalnikov.si\/de\/product\/pocivalnik-princ-crtasta-eleganca\/","url_meta":{"origin":2434,"position":3},"title":"Prince Lounge - gestreifte Eleganz","author":"lidopocivalniki","date":"Oktober 22, 2025","format":false,"excerpt":"Princ v sebi prepleta toplino naravnih elementov in mehkobo sodobnih materialov. Ustvarja popolno ravnovesje za interier, v katerem prevladujeta mir in prefinjena eleganca.Vrtljivo ogrodje mu daje lahkotnost gibanja in prilagodljivost, zato se zlahka prilagodi ritmu va\u0161ega vsakdana in trenutkom sprostitve.S svojo prostornostjo zagotavlja popolno udobje, njegov brez\u010dasen dizajn pa se\u2026","rel":"","context":"\u00c4hnlicher Beitrag","block_context":{"text":"\u00c4hnlicher Beitrag","link":""},"img":{"alt_text":"","src":"https:\/\/centerpocivalnikov.si\/wp-content\/uploads\/2025\/10\/Untitled-7-x-7-cm-35.jpg","width":350,"height":200,"srcset":"https:\/\/centerpocivalnikov.si\/wp-content\/uploads\/2025\/10\/Untitled-7-x-7-cm-35.jpg 1x, https:\/\/centerpocivalnikov.si\/wp-content\/uploads\/2025\/10\/Untitled-7-x-7-cm-35.jpg 1.5x, https:\/\/centerpocivalnikov.si\/wp-content\/uploads\/2025\/10\/Untitled-7-x-7-cm-35.jpg 2x"},"classes":[]},{"id":2829,"url":"https:\/\/centerpocivalnikov.si\/de\/product\/pocivalnik-vita-sivo-usnje\/","url_meta":{"origin":2434,"position":4},"title":"Vita Lounge - graues Leder","author":"lidopocivalniki","date":"Oktober 21, 2025","format":false,"excerpt":"Po\u010divalnik Vita se zavrti v radiju 300\u00b0, kar vam omogo\u010da popolno svobodo gibanja in prilagodljivost v vsakem trenutku. Lahkoten, tih in prefinjen \u2013 udobje, ki se popolnoma uskladi z va\u0161im gibom. Dva motorja omogo\u010data neodvisno nastavitev no\u017enega in hrbtnega dela, da vedno najdete idealen polo\u017eaj za sprostitev. Prefinjene linije in\u2026","rel":"","context":"\u00c4hnlicher Beitrag","block_context":{"text":"\u00c4hnlicher Beitrag","link":""},"img":{"alt_text":"","src":"https:\/\/centerpocivalnikov.si\/wp-content\/uploads\/2025\/10\/34.jpg","width":350,"height":200,"srcset":"https:\/\/centerpocivalnikov.si\/wp-content\/uploads\/2025\/10\/34.jpg 1x, https:\/\/centerpocivalnikov.si\/wp-content\/uploads\/2025\/10\/34.jpg 1.5x, https:\/\/centerpocivalnikov.si\/wp-content\/uploads\/2025\/10\/34.jpg 2x"},"classes":[]},{"id":2836,"url":"https:\/\/centerpocivalnikov.si\/de\/product\/pocivalnik-vita-rdece-bela-kombinacija-usnja\/","url_meta":{"origin":2434,"position":5},"title":"Vita Lounge - rote und wei\u00dfe Lederkombination","author":"lidopocivalniki","date":"Oktober 21, 2025","format":false,"excerpt":"Po\u010divalnik Vita se zavrti v radiju 300\u00b0, kar vam omogo\u010da popolno svobodo gibanja in prilagodljivost v vsakem trenutku. Lahkoten, tih in prefinjen \u2013 udobje, ki se popolnoma uskladi z va\u0161im gibom. Dva motorja omogo\u010data neodvisno nastavitev no\u017enega in hrbtnega dela, da vedno najdete idealen polo\u017eaj za sprostitev. Prefinjene linije in\u2026","rel":"","context":"\u00c4hnlicher Beitrag","block_context":{"text":"\u00c4hnlicher Beitrag","link":""},"img":{"alt_text":"","src":"https:\/\/centerpocivalnikov.si\/wp-content\/uploads\/2025\/10\/Pocivalnik-Vita-1.jpg","width":350,"height":200,"srcset":"https:\/\/centerpocivalnikov.si\/wp-content\/uploads\/2025\/10\/Pocivalnik-Vita-1.jpg 1x, https:\/\/centerpocivalnikov.si\/wp-content\/uploads\/2025\/10\/Pocivalnik-Vita-1.jpg 1.5x, https:\/\/centerpocivalnikov.si\/wp-content\/uploads\/2025\/10\/Pocivalnik-Vita-1.jpg 2x"},"classes":[]}],"_links":{"self":[{"href":"https:\/\/centerpocivalnikov.si\/de\/wp-json\/wp\/v2\/product\/2434","targetHints":{"allow":["GET"]}}],"collection":[{"href":"https:\/\/centerpocivalnikov.si\/de\/wp-json\/wp\/v2\/product"}],"about":[{"href":"https:\/\/centerpocivalnikov.si\/de\/wp-json\/wp\/v2\/types\/product"}],"replies":[{"embeddable":true,"href":"https:\/\/centerpocivalnikov.si\/de\/wp-json\/wp\/v2\/comments?post=2434"}],"wp:featuredmedia":[{"embeddable":true,"href":"https:\/\/centerpocivalnikov.si\/de\/wp-json\/wp\/v2\/media\/2865"}],"wp:attachment":[{"href":"https:\/\/centerpocivalnikov.si\/de\/wp-json\/wp\/v2\/media?parent=2434"}],"wp:term":[{"taxonomy":"product_brand","embeddable":true,"href":"https:\/\/centerpocivalnikov.si\/de\/wp-json\/wp\/v2\/product_brand?post=2434"},{"taxonomy":"product_cat","embeddable":true,"href":"https:\/\/centerpocivalnikov.si\/de\/wp-json\/wp\/v2\/product_cat?post=2434"},{"taxonomy":"product_tag","embeddable":true,"href":"https:\/\/centerpocivalnikov.si\/de\/wp-json\/wp\/v2\/product_tag?post=2434"}],"curies":[{"name":"wp","href":"https:\/\/api.w.org\/{rel}","templated":true}]}}